{"id":4517,"date":"2024-12-10T17:10:42","date_gmt":"2024-12-11T01:10:42","guid":{"rendered":"https:\/\/valleyviewcasino.com\/hotel\/"},"modified":"2025-04-24T16:15:10","modified_gmt":"2025-04-24T23:15:10","slug":"hotel","status":"publish","type":"page","link":"https:\/\/valleyviewcasino.com\/es\/hotel\/","title":{"rendered":"Hotel"},"content":{"rendered":"\t\t<div data-elementor-type=\"wp-page\" data-elementor-id=\"4517\" class=\"elementor elementor-4517 elementor-284\" data-elementor-post-type=\"page\">\n\t\t\t\t<div class=\"elementor-element elementor-element-5d109bd6 e-con-full hero-child-pages e-flex e-con e-parent\" data-id=\"5d109bd6\" data-element_type=\"container\" data-settings=\"{&quot;background_background&quot;:&quot;classic&quot;}\">\n\t\t<div class=\"elementor-element elementor-element-8d26e5f e-con-full e-flex e-con e-child\" data-id=\"8d26e5f\" data-element_type=\"container\">\n\t\t\t\t<div class=\"elementor-element elementor-element-6be4b72 gradient-text elementor-invisible elementor-widget elementor-widget-heading\" data-id=\"6be4b72\" data-element_type=\"widget\" data-settings=\"{&quot;_animation&quot;:&quot;fadeInUp&quot;}\" data-widget_type=\"heading.default\">\n\t\t\t\t<div class=\"elementor-widget-container\">\n\t\t\t\t\t<h1 class=\"elementor-heading-title elementor-size-default\">QU\u00c9DATE Y JUEGA EN EL CASINO FAVORITO DE SAN DIEGO<sup>\u2122<\/sup><\/h1>\t\t\t\t<\/div>\n\t\t\t\t<\/div>\n\t\t\t\t<\/div>\n\t\t\t\t<\/div>\n\t\t<div class=\"elementor-element elementor-element-1a884324 e-flex e-con-boxed elementor-invisible e-con e-parent\" data-id=\"1a884324\" data-element_type=\"container\" data-settings=\"{&quot;background_background&quot;:&quot;classic&quot;,&quot;animation&quot;:&quot;fadeInDown&quot;}\">\n\t\t\t\t\t<div class=\"e-con-inner\">\n\t\t\t\t<div class=\"elementor-element elementor-element-af4a2be elementor-widget elementor-widget-heading\" data-id=\"af4a2be\" data-element_type=\"widget\" data-widget_type=\"heading.default\">\n\t\t\t\t<div class=\"elementor-widget-container\">\n\t\t\t\t\t<h2 class=\"elementor-heading-title elementor-size-default\">Habitaciones de hotel<\/h2>\t\t\t\t<\/div>\n\t\t\t\t<\/div>\n\t\t\t\t<div class=\"elementor-element elementor-element-b092728 elementor-widget elementor-widget-text-editor\" data-id=\"b092728\" data-element_type=\"widget\" data-widget_type=\"text-editor.default\">\n\t\t\t\t<div class=\"elementor-widget-container\">\n\t\t\t\t\t\t\t\t\tEsc\u00e1pese de todo en la comodidad de nuestras espaciosas habitaciones Deluxe o Suites de lujo, todas con espectaculares vistas panor\u00e1micas a las monta\u00f1as.\t\t\t\t\t\t\t\t<\/div>\n\t\t\t\t<\/div>\n\t\t\t\t<div class=\"elementor-element elementor-element-9611fc4 elementor-align-center vvch-pop-btn elementor-widget elementor-widget-button\" data-id=\"9611fc4\" data-element_type=\"widget\" data-widget_type=\"button.default\">\n\t\t\t\t<div class=\"elementor-widget-container\">\n\t\t\t\t\t\t\t\t\t<div class=\"elementor-button-wrapper\">\n\t\t\t\t\t<a class=\"elementor-button elementor-button-link elementor-size-sm\" href=\"#elementor-action%3Aaction%3Dpopup%3Aopen%26settings%3DeyJpZCI6ODQwNCwidG9nZ2xlIjpmYWxzZX0%3D\">\n\t\t\t\t\t\t<span class=\"elementor-button-content-wrapper\">\n\t\t\t\t\t\t\t\t\t<span class=\"elementor-button-text\">mensaje de Directora<\/span>\n\t\t\t\t\t<\/span>\n\t\t\t\t\t<\/a>\n\t\t\t\t<\/div>\n\t\t\t\t\t\t\t\t<\/div>\n\t\t\t\t<\/div>\n\t\t\t\t\t<\/div>\n\t\t\t\t<\/div>\n\t\t<div class=\"elementor-element elementor-element-300a6d5 e-flex e-con-boxed elementor-invisible e-con e-parent\" data-id=\"300a6d5\" data-element_type=\"container\" data-settings=\"{&quot;animation&quot;:&quot;fadeInUp&quot;}\">\n\t\t\t\t\t<div class=\"e-con-inner\">\n\t\t\t\t<div class=\"elementor-element elementor-element-7a760de elementor-skin-coverflow elementor-widget elementor-widget-media-carousel\" data-id=\"7a760de\" data-element_type=\"widget\" data-settings=\"{&quot;skin&quot;:&quot;coverflow&quot;,&quot;autoplay_speed&quot;:4000,&quot;speed&quot;:500,&quot;autoplay&quot;:&quot;yes&quot;,&quot;loop&quot;:&quot;yes&quot;,&quot;pause_on_hover&quot;:&quot;yes&quot;,&quot;pause_on_interaction&quot;:&quot;yes&quot;,&quot;space_between&quot;:{&quot;unit&quot;:&quot;px&quot;,&quot;size&quot;:10,&quot;sizes&quot;:[]},&quot;space_between_tablet&quot;:{&quot;unit&quot;:&quot;px&quot;,&quot;size&quot;:10,&quot;sizes&quot;:[]},&quot;space_between_mobile&quot;:{&quot;unit&quot;:&quot;px&quot;,&quot;size&quot;:10,&quot;sizes&quot;:[]}}\" data-widget_type=\"media-carousel.default\">\n\t\t\t\t<div class=\"elementor-widget-container\">\n\t\t\t\t\t\t\t\t\t<div class=\"elementor-swiper\">\n\t\t\t\t\t<div class=\"elementor-main-swiper swiper\" role=\"region\" aria-roledescription=\"carousel\" aria-label=\"Slides\">\n\t\t\t\t<div class=\"swiper-wrapper\">\n\t\t\t\t\t\t\t\t\t\t\t<div class=\"swiper-slide\" role=\"group\" aria-roledescription=\"slide\">\n\t\t\t\t\t\t\t<a href=\"https:\/\/valleyviewcasino.com\/wp-content\/uploads\/2025\/04\/JDZ6256_7_9_tonemapped-1.jpg\" data-elementor-open-lightbox=\"yes\" data-elementor-lightbox-slideshow=\"7a760de\" data-elementor-lightbox-title=\"_JDZ6256_7_9_tonemapped\" data-e-action-hash=\"#elementor-action%3Aaction%3Dlightbox%26settings%3DeyJpZCI6NjA4NywidXJsIjoiaHR0cHM6XC9cL3ZhbGxleXZpZXdjYXNpbm8uY29tXC93cC1jb250ZW50XC91cGxvYWRzXC8yMDI1XC8wNFwvSkRaNjI1Nl83XzlfdG9uZW1hcHBlZC0xLmpwZyIsInNsaWRlc2hvdyI6IjdhNzYwZGUifQ%3D%3D\">\t\t<div class=\"elementor-carousel-image\" role=\"img\" aria-label=\"_JDZ6256_7_9_tonemapped\" style=\"background-image: url(&#039;https:\/\/valleyviewcasino.com\/wp-content\/uploads\/2025\/04\/JDZ6256_7_9_tonemapped-1.jpg&#039;)\">\n\n\t\t\t\n\t\t\t\t\t<\/div>\n\t\t<\/a>\t\t\t\t\t\t<\/div>\n\t\t\t\t\t\t\t\t\t\t\t<div class=\"swiper-slide\" role=\"group\" aria-roledescription=\"slide\">\n\t\t\t\t\t\t\t<a href=\"https:\/\/valleyviewcasino.com\/wp-content\/uploads\/2025\/04\/Lux-Suite-Couple_2025-copy.jpg\" data-elementor-open-lightbox=\"yes\" data-elementor-lightbox-slideshow=\"7a760de\" data-elementor-lightbox-title=\"Lux Suite Couple_2025 copy\" data-e-action-hash=\"#elementor-action%3Aaction%3Dlightbox%26settings%3DeyJpZCI6NjA3OCwidXJsIjoiaHR0cHM6XC9cL3ZhbGxleXZpZXdjYXNpbm8uY29tXC93cC1jb250ZW50XC91cGxvYWRzXC8yMDI1XC8wNFwvTHV4LVN1aXRlLUNvdXBsZV8yMDI1LWNvcHkuanBnIiwic2xpZGVzaG93IjoiN2E3NjBkZSJ9\">\t\t<div class=\"elementor-carousel-image\" role=\"img\" aria-label=\"Lux Suite Couple_2025 copy\" style=\"background-image: url(&#039;https:\/\/valleyviewcasino.com\/wp-content\/uploads\/2025\/04\/Lux-Suite-Couple_2025-copy.jpg&#039;)\">\n\n\t\t\t\n\t\t\t\t\t<\/div>\n\t\t<\/a>\t\t\t\t\t\t<\/div>\n\t\t\t\t\t\t\t\t\t\t\t<div class=\"swiper-slide\" role=\"group\" aria-roledescription=\"slide\">\n\t\t\t\t\t\t\t<a href=\"https:\/\/valleyviewcasino.com\/wp-content\/uploads\/2025\/04\/Pool-Lady-in-Black-Flat.jpg\" data-elementor-open-lightbox=\"yes\" data-elementor-lightbox-slideshow=\"7a760de\" data-elementor-lightbox-title=\"Pool Lady in Black Flat\" data-e-action-hash=\"#elementor-action%3Aaction%3Dlightbox%26settings%3DeyJpZCI6NjEzNywidXJsIjoiaHR0cHM6XC9cL3ZhbGxleXZpZXdjYXNpbm8uY29tXC93cC1jb250ZW50XC91cGxvYWRzXC8yMDI1XC8wNFwvUG9vbC1MYWR5LWluLUJsYWNrLUZsYXQuanBnIiwic2xpZGVzaG93IjoiN2E3NjBkZSJ9\">\t\t<div class=\"elementor-carousel-image\" role=\"img\" aria-label=\"Pool Lady in Black Flat\" style=\"background-image: url(&#039;https:\/\/valleyviewcasino.com\/wp-content\/uploads\/2025\/04\/Pool-Lady-in-Black-Flat.jpg&#039;)\">\n\n\t\t\t\n\t\t\t\t\t<\/div>\n\t\t<\/a>\t\t\t\t\t\t<\/div>\n\t\t\t\t\t\t\t\t\t\t\t<div class=\"swiper-slide\" role=\"group\" aria-roledescription=\"slide\">\n\t\t\t\t\t\t\t<a href=\"https:\/\/valleyviewcasino.com\/wp-content\/uploads\/2025\/04\/Hotel-Couple-Lobby-2017-Flat.jpg\" data-elementor-open-lightbox=\"yes\" data-elementor-lightbox-slideshow=\"7a760de\" data-elementor-lightbox-title=\"Hotel Couple Lobby 2017 Flat\" data-e-action-hash=\"#elementor-action%3Aaction%3Dlightbox%26settings%3DeyJpZCI6NjEyMCwidXJsIjoiaHR0cHM6XC9cL3ZhbGxleXZpZXdjYXNpbm8uY29tXC93cC1jb250ZW50XC91cGxvYWRzXC8yMDI1XC8wNFwvSG90ZWwtQ291cGxlLUxvYmJ5LTIwMTctRmxhdC5qcGciLCJzbGlkZXNob3ciOiI3YTc2MGRlIn0%3D\">\t\t<div class=\"elementor-carousel-image\" role=\"img\" aria-label=\"Hotel Couple Lobby 2017 Flat\" style=\"background-image: url(&#039;https:\/\/valleyviewcasino.com\/wp-content\/uploads\/2025\/04\/Hotel-Couple-Lobby-2017-Flat.jpg&#039;)\">\n\n\t\t\t\n\t\t\t\t\t<\/div>\n\t\t<\/a>\t\t\t\t\t\t<\/div>\n\t\t\t\t\t\t\t\t\t\t\t<div class=\"swiper-slide\" role=\"group\" aria-roledescription=\"slide\">\n\t\t\t\t\t\t\t\t\t<div class=\"elementor-carousel-image\" role=\"img\" aria-label=\"Hotel Couple Reception_small copy\" style=\"background-image: url(&#039;https:\/\/valleyviewcasino.com\/wp-content\/uploads\/2025\/04\/Hotel-Couple-Reception_small-copy.jpg&#039;)\">\n\n\t\t\t\n\t\t\t\t\t<\/div>\n\t\t\t\t\t\t\t\t<\/div>\n\t\t\t\t\t\t\t\t\t\t\t<div class=\"swiper-slide\" role=\"group\" aria-roledescription=\"slide\">\n\t\t\t\t\t\t\t<a href=\"https:\/\/valleyviewcasino.com\/wp-content\/uploads\/2025\/04\/Deluxe-Room-Models-copy.jpg\" data-elementor-open-lightbox=\"yes\" data-elementor-lightbox-slideshow=\"7a760de\" data-elementor-lightbox-title=\"Deluxe Room Models copy\" data-e-action-hash=\"#elementor-action%3Aaction%3Dlightbox%26settings%3DeyJpZCI6NjEzOSwidXJsIjoiaHR0cHM6XC9cL3ZhbGxleXZpZXdjYXNpbm8uY29tXC93cC1jb250ZW50XC91cGxvYWRzXC8yMDI1XC8wNFwvRGVsdXhlLVJvb20tTW9kZWxzLWNvcHkuanBnIiwic2xpZGVzaG93IjoiN2E3NjBkZSJ9\">\t\t<div class=\"elementor-carousel-image\" role=\"img\" aria-label=\"Deluxe Room Couple\" style=\"background-image: url(&#039;https:\/\/valleyviewcasino.com\/wp-content\/uploads\/2025\/04\/Deluxe-Room-Models-copy.jpg&#039;)\">\n\n\t\t\t\n\t\t\t\t\t<\/div>\n\t\t<\/a>\t\t\t\t\t\t<\/div>\n\t\t\t\t\t\t\t\t\t\t\t<div class=\"swiper-slide\" role=\"group\" aria-roledescription=\"slide\">\n\t\t\t\t\t\t\t\t\t<div class=\"elementor-carousel-image\" role=\"img\" aria-label=\"Deluxe Room\" style=\"background-image: url(&#039;https:\/\/valleyviewcasino.com\/wp-content\/uploads\/2025\/04\/Models_Room_2.png&#039;)\">\n\n\t\t\t\n\t\t\t\t\t<\/div>\n\t\t\t\t\t\t\t\t<\/div>\n\t\t\t\t\t\t\t\t\t<\/div>\n\t\t\t\t\t\t\t\t\t\t\t\t\t\t\t\t\t\t\t\t\t<\/div>\n\t\t\t\t<\/div>\n\t\t\t\t\t\t\t\t<\/div>\n\t\t\t\t<\/div>\n\t\t\t\t\t<\/div>\n\t\t\t\t<\/div>\n\t\t<div class=\"elementor-element elementor-element-a2eb7e0 sec-4 e-flex e-con-boxed elementor-invisible e-con e-parent\" data-id=\"a2eb7e0\" data-element_type=\"container\" data-settings=\"{&quot;background_background&quot;:&quot;classic&quot;,&quot;animation&quot;:&quot;fadeInLeft&quot;}\">\n\t\t\t\t\t<div class=\"e-con-inner\">\n\t\t<div class=\"elementor-element elementor-element-188d029 e-con-full e-flex e-con e-child\" data-id=\"188d029\" data-element_type=\"container\">\n\t\t\t\t<div class=\"elementor-element elementor-element-58cea1c elementor-widget__width-inherit ds elementor-widget elementor-widget-heading\" data-id=\"58cea1c\" data-element_type=\"widget\" data-widget_type=\"heading.default\">\n\t\t\t\t<div class=\"elementor-widget-container\">\n\t\t\t\t\t<h1 class=\"elementor-heading-title elementor-size-default\">La mejor piscina infinita de San Diego<\/h1>\t\t\t\t<\/div>\n\t\t\t\t<\/div>\n\t\t\t\t<div class=\"elementor-element elementor-element-ece2f55 ds elementor-widget__width-initial elementor-widget elementor-widget-text-editor\" data-id=\"ece2f55\" data-element_type=\"widget\" data-widget_type=\"text-editor.default\">\n\t\t\t\t<div class=\"elementor-widget-container\">\n\t\t\t\t\t\t\t\t\t<p>Con una vista espectacular de la hermosa cordillera Palomar, nuestra piscina infinita, \u00fanica en su g\u00e9nero, es el lugar perfecto para desconectar. Toma el sol junto a la piscina con tus c\u00f3cteles y aperitivos favoritos mientras disfrutas de la belleza de los alrededores. <\/p>\t\t\t\t\t\t\t\t<\/div>\n\t\t\t\t<\/div>\n\t\t\t\t<\/div>\n\t\t\t\t\t<\/div>\n\t\t\t\t<\/div>\n\t\t<div class=\"elementor-element elementor-element-f25d736 sec-5 e-flex e-con-boxed elementor-invisible e-con e-parent\" data-id=\"f25d736\" data-element_type=\"container\" data-settings=\"{&quot;background_background&quot;:&quot;classic&quot;,&quot;animation&quot;:&quot;fadeInRight&quot;}\">\n\t\t\t\t\t<div class=\"e-con-inner\">\n\t\t<div class=\"elementor-element elementor-element-edd3bda e-con-full e-flex e-con e-child\" data-id=\"edd3bda\" data-element_type=\"container\">\n\t\t\t\t<div class=\"elementor-element elementor-element-f3743bd elementor-widget__width-initial ds elementor-widget elementor-widget-heading\" data-id=\"f3743bd\" data-element_type=\"widget\" data-widget_type=\"heading.default\">\n\t\t\t\t<div class=\"elementor-widget-container\">\n\t\t\t\t\t<h1 class=\"elementor-heading-title elementor-size-default\">Desayuno gratuito para todos los hu\u00e9spedes<\/h1>\t\t\t\t<\/div>\n\t\t\t\t<\/div>\n\t\t\t\t<div class=\"elementor-element elementor-element-862ded3 ds elementor-widget__width-initial elementor-widget elementor-widget-text-editor\" data-id=\"862ded3\" data-element_type=\"widget\" data-widget_type=\"text-editor.default\">\n\t\t\t\t<div class=\"elementor-widget-container\">\n\t\t\t\t\t\t\t\t\t<p>Nuestro desayuno casero en <a href=\"#\">el Caf\u00e9<\/a> es gratuito para todos los hu\u00e9spedes del hotel. Disfrutar\u00e1s de deliciosas selecciones de un men\u00fa VIP hecho s\u00f3lo para ti. Es s\u00f3lo una forma m\u00e1s de agradecerte tu estancia con nosotros y tu condici\u00f3n de Miembro VIP en <a href=\"#\">el Casino &amp; Hotel Favorite\u00ae de San Diego.<\/a>  <\/p>\t\t\t\t\t\t\t\t<\/div>\n\t\t\t\t<\/div>\n\t\t\t\t<\/div>\n\t\t\t\t\t<\/div>\n\t\t\t\t<\/div>\n\t\t\t\t<\/div>\n\t\t","protected":false},"excerpt":{"rendered":"<p>QU\u00c9DATE Y JUEGA EN EL CASINO FAVORITO DE SAN DIEGO\u2122 Habitaciones de hotel Esc\u00e1pese de todo en la comodidad de nuestras espaciosas habitaciones Deluxe o Suites de lujo, todas con [&hellip;]<\/p>\n","protected":false},"author":2,"featured_media":4400,"parent":0,"menu_order":0,"comment_status":"closed","ping_status":"closed","template":"","meta":{"_acf_changed":false,"inline_featured_image":false,"footnotes":""},"class_list":["post-4517","page","type-page","status-publish","has-post-thumbnail","hentry"],"acf":[],"_links":{"self":[{"href":"https:\/\/valleyviewcasino.com\/es\/wp-json\/wp\/v2\/pages\/4517","targetHints":{"allow":["GET"]}}],"collection":[{"href":"https:\/\/valleyviewcasino.com\/es\/wp-json\/wp\/v2\/pages"}],"about":[{"href":"https:\/\/valleyviewcasino.com\/es\/wp-json\/wp\/v2\/types\/page"}],"author":[{"embeddable":true,"href":"https:\/\/valleyviewcasino.com\/es\/wp-json\/wp\/v2\/users\/2"}],"replies":[{"embeddable":true,"href":"https:\/\/valleyviewcasino.com\/es\/wp-json\/wp\/v2\/comments?post=4517"}],"version-history":[{"count":19,"href":"https:\/\/valleyviewcasino.com\/es\/wp-json\/wp\/v2\/pages\/4517\/revisions"}],"predecessor-version":[{"id":8411,"href":"https:\/\/valleyviewcasino.com\/es\/wp-json\/wp\/v2\/pages\/4517\/revisions\/8411"}],"wp:featuredmedia":[{"embeddable":true,"href":"https:\/\/valleyviewcasino.com\/es\/wp-json\/wp\/v2\/media\/4400"}],"wp:attachment":[{"href":"https:\/\/valleyviewcasino.com\/es\/wp-json\/wp\/v2\/media?parent=4517"}],"curies":[{"name":"wp","href":"https:\/\/api.w.org\/{rel}","templated":true}]}}